{"id":56520,"date":"2023-06-12T15:39:27","date_gmt":"2023-06-12T18:39:27","guid":{"rendered":"https:\/\/transmodal.com.ar\/en\/?page_id=56520"},"modified":"2023-07-12T10:29:53","modified_gmt":"2023-07-12T13:29:53","slug":"international-land-transport","status":"publish","type":"page","link":"https:\/\/transmodal.com.ar\/en\/international-land-transport\/","title":{"rendered":"International Land Transport"},"content":{"rendered":"<div class=\"wpb-content-wrapper\"><p>[vc_row][vc_column width=\u00bb1\/6&#8243; css=\u00bb.vc_custom_1614897085763{padding-bottom: 20px !important;}\u00bb][\/vc_column][vc_column width=\u00bb2\/3&#8243;]<div id=\"ultimate-heading-600569e5fe58e0db5\" class=\"uvc-heading ult-adjust-bottom-margin ultimate-heading-600569e5fe58e0db5 uvc-1504 accent-border-color\" data-hspacer=\"no_spacer\"  data-halign=\"center\" style=\"text-align:center\"><div class=\"uvc-heading-spacer no_spacer\" style=\"top\"><\/div><div class=\"uvc-main-heading ult-responsive\"  data-ultimate-target='.uvc-heading.ultimate-heading-600569e5fe58e0db5 h2'  data-responsive-json-new='{\"font-size\":\"desktop:34px;tablet:34px;tablet_portrait:28px;mobile_landscape:28px;mobile:28px;\",\"line-height\":\"desktop:40px;tablet:40px;tablet_portrait:32px;mobile_landscape:32px;mobile:32px;\"}' ><h2 style=\"--font-weight:theme;margin-top:-20px;margin-bottom:25px;\">Road transport services to and from Argentina\u2019s neighboring countries:<\/h2><\/div><\/div>[vc_column_text]<span style=\"font-weight: 400;\">Our ground transport service is recognised for its efficiency, punctuality, and safety. We have a network of trusted carriers that allow us to transport along routes in Latin America.Our team of planning experts oversees the organization of all aspects of ground transport, from the collection and packing of the cargo to its final delivery.<\/span><\/p>\n<p><span style=\"font-weight: 400;\">Our land transport service is tailored to each customer&#8217;s needs and offers a wide range of options, both full truckload and consolidated. <\/span>[\/vc_column_text][\/vc_column][vc_column width=\u00bb1\/6&#8243;][\/vc_column][\/vc_row][vc_row css=\u00bb.vc_custom_1686579379367{padding-top: 40px !important;padding-bottom: 20px !important;}\u00bb][vc_column width=\u00bb1\/2&#8243; offset=\u00bbvc_col-lg-offset-0&#8243;][vc_single_image image=\u00bb56417&#8243; img_size=\u00bb400&#215;400&#8243; alignment=\u00bbcenter\u00bb style=\u00bbvc_box_border_circle_2&#8243; css_animation=\u00bbfadeIn\u00bb css=\u00bb.vc_custom_1687866001776{margin-top: -20px !important;margin-bottom: -10px !important;padding-top: 40px !important;}\u00bb][\/vc_column][vc_column width=\u00bb1\/2&#8243; css=\u00bb.vc_custom_1614897085763{padding-bottom: 20px !important;}\u00bb]<div id=\"ultimate-heading-929469e5fe58e0e2d\" class=\"uvc-heading ult-adjust-bottom-margin ultimate-heading-929469e5fe58e0e2d uvc-221 accent-border-color\" data-hspacer=\"no_spacer\"  data-halign=\"center\" style=\"text-align:center\"><div class=\"uvc-heading-spacer no_spacer\" style=\"top\"><\/div><div class=\"uvc-main-heading ult-responsive\"  data-ultimate-target='.uvc-heading.ultimate-heading-929469e5fe58e0e2d h3'  data-responsive-json-new='{\"font-size\":\"desktop:28px;tablet:28px;tablet_portrait:26px;mobile_landscape:26px;mobile:26px;\",\"line-height\":\"desktop:38px;tablet:38px;tablet_portrait:26px;mobile_landscape:26px;mobile:26px;\"}' ><h3 style=\"font-weight:bold;margin-top:40px;margin-bottom:30px;\">Inland service for import and export:<\/h3><\/div><\/div>[vc_column_text css=\u00bb.vc_custom_1689168474303{margin-bottom: 0px !important;padding-bottom: 20px !important;}\u00bb]<\/p>\n<p style=\"text-align: left;\"><strong><b>We specialize in providing planning solutions for the transport of import and export goods, to and from Argentina&#8217;s neighboring countries. <\/b><\/strong><\/p>\n<p>[\/vc_column_text]<div class=\"standard-arrow bullet-top\"><ul>\n<li><span style=\"font-weight: 400;\">Brazil.<\/span><\/li>\n<li><span style=\"font-weight: 400;\">Chile.<\/span><\/li>\n<li><span style=\"font-weight: 400;\">Uruguay.<\/span><\/li>\n<li><span style=\"font-weight: 400;\">Bolivia.<\/span><\/li>\n<li><span style=\"font-weight: 400;\">Paraguay.<\/span><\/li>\n<\/ul>\n<\/div>[vc_column_text css=\u00bb.vc_custom_1689168501748{margin-bottom: 0px !important;padding-bottom: 20px !important;}\u00bb]<span style=\"font-weight: 400;\">We adapt to the needs of each client, offering a wide range of options, both in full truck and consolidate.<\/span>[\/vc_column_text]<style type=\"text\/css\" data-type=\"the7_shortcodes-inline-css\">#default-btn-dd2b39c57e6384d41790ea3137bd8ecf.ico-right-side > i {\n  margin-right: 0px;\n  margin-left: 8px;\n}\n#default-btn-dd2b39c57e6384d41790ea3137bd8ecf > i {\n  margin-right: 8px;\n}<\/style><div class=\"btn-align-center\"><a href=\"\/#!\/contacto\" class=\"default-btn-shortcode dt-btn dt-btn-l bounce animate-element animation-builder link-hover-off anchor-link full-width-btn  vc_custom_1689168510949\" id=\"default-btn-dd2b39c57e6384d41790ea3137bd8ecf\"><i class=\"icomoon-fontawesome-16x16-comment-alt2\"><\/i><span>SEEK ADVICE<\/span><\/a><\/div>[\/vc_column][\/vc_row][vc_row disable_element=\u00bbyes\u00bb css=\u00bb.vc_custom_1687459887217{padding-top: 20px !important;}\u00bb][vc_column offset=\u00bbvc_col-lg-offset-0&#8243;][vc_separator][\/vc_column][\/vc_row][vc_row disable_element=\u00bbyes\u00bb css=\u00bb.vc_custom_1687459895240{padding-top: 30px !important;padding-bottom: 60px !important;}\u00bb][vc_column width=\u00bb1\/2&#8243; offset=\u00bbvc_col-lg-offset-0&#8243;][vc_single_image image=\u00bb56530&#8243; img_size=\u00bb400&#215;400&#8243; alignment=\u00bbcenter\u00bb style=\u00bbvc_box_shadow_border_circle_2&#8243; css_animation=\u00bbfadeIn\u00bb image_hovers=\u00bbfalse\u00bb css=\u00bb.vc_custom_1686597277066{padding-top: 10px !important;}\u00bb][\/vc_column][vc_column width=\u00bb1\/2&#8243; css=\u00bb.vc_custom_1614897085763{padding-bottom: 20px !important;}\u00bb]<div id=\"ultimate-heading-122969e5fe58e1020\" class=\"uvc-heading ult-adjust-bottom-margin ultimate-heading-122969e5fe58e1020 uvc-5732 accent-border-color\" data-hspacer=\"no_spacer\"  data-halign=\"left\" style=\"text-align:left\"><div class=\"uvc-heading-spacer no_spacer\" style=\"top\"><\/div><div class=\"uvc-main-heading ult-responsive\"  data-ultimate-target='.uvc-heading.ultimate-heading-122969e5fe58e1020 h3'  data-responsive-json-new='{\"font-size\":\"desktop:28px;\",\"line-height\":\"desktop:38px;\"}' ><h3 style=\"font-weight:bold;margin-top:40px;margin-bottom:30px;\">Mudanzas Internacionales:<\/h3><\/div><\/div>[vc_column_text css=\u00bb.vc_custom_1686596441175{margin-bottom: 0px !important;padding-bottom: 20px !important;}\u00bb]<span style=\"font-weight: 400;\">Transmodal cuenta con un grupo de profesionales expertos en el negocio de las mudanzas internacionales, quienes organizar\u00e1n desde el embalaje apropiado para sus pertenencias, el despacho de aduana, el embarque y el tr\u00e1nsito internacional hasta la entrega de las mismas <\/span><span style=\"font-weight: 400;\">en destino. <\/span>[\/vc_column_text]<div class=\"standard-arrow list-divider bullet-top\"><ul>\n<li><span style=\"font-weight: 400;\">Asesoramiento sobre tipos de efectos personales a transportar.<\/span><\/li>\n<li><span style=\"font-weight: 400;\">Embalaje.<\/span><\/li>\n<li><span style=\"font-weight: 400;\">Documentaci\u00f3n legal.<\/span><\/li>\n<li><span style=\"font-weight: 400;\">Asistencia en pa\u00eds de origen y destino.<\/span><\/li>\n<li><span style=\"font-weight: 400;\">Tramitaciones aduaneras.<\/span><\/li>\n<\/ul>\n<\/div>[vc_column_text css=\u00bb.vc_custom_1686596333188{margin-bottom: 0px !important;padding-bottom: 20px !important;}\u00bb]<strong>Tipos de mudanzas:<\/strong>[\/vc_column_text]<div class=\"standard-arrow list-divider bullet-top\"><ul>\n<li><span style=\"font-weight: 400;\">Movilizaci\u00f3n de objetos de valor, alto riesgo e irremplazables.<\/span><\/li>\n<li><span style=\"font-weight: 400;\">Traslados y reubicaci\u00f3n de personal de empresas, fuerzas armadas, diplom\u00e1ticos, deportistas profesionales.<\/span><\/li>\n<li><span style=\"font-weight: 400;\">Importaci\u00f3n y exportaci\u00f3n de veh\u00edculos.\u00a0<\/span><\/li>\n<\/ul>\n<\/div>[vc_column_text css=\u00bb.vc_custom_1686596313274{margin-bottom: 0px !important;padding-bottom: 20px !important;}\u00bb]<span style=\"font-weight: 400;\">Contamos con un amplio grupo de agentes en el exterior que re\u00fanen los medios t\u00e9cnicos y humanos capaces de recibir sus pertenencias en el puerto, aeropuerto o dep\u00f3sito, <\/span><span style=\"font-weight: 400;\">realizar los tr\u00e1mites de aduana exigidos por la legislaci\u00f3n del pa\u00eds receptor y trasladarla hasta su lugar de residencia en cualquier lugar del mundo.<\/span>[\/vc_column_text]<style type=\"text\/css\" data-type=\"the7_shortcodes-inline-css\">#default-btn-eb4f9a3e1b44605956b258f40f922f8f.ico-right-side > i {\n  margin-right: 0px;\n  margin-left: 8px;\n}\n#default-btn-eb4f9a3e1b44605956b258f40f922f8f > i {\n  margin-right: 8px;\n}<\/style><div class=\"btn-align-center\"><a href=\"\/#!\/contacto\" class=\"default-btn-shortcode dt-btn dt-btn-l bounce animate-element animation-builder link-hover-off anchor-link full-width-btn  vc_custom_1674602535686\" id=\"default-btn-eb4f9a3e1b44605956b258f40f922f8f\"><i class=\"icomoon-fontawesome-16x16-comment-alt2\"><\/i><span>SOLICITAR ASESORAMIENTO<\/span><\/a><\/div>[\/vc_column][\/vc_row][vc_row full_width=\u00bbstretch_row\u00bb bg_type=\u00bbimage\u00bb parallax_style=\u00bbvcpb-vz-jquery\u00bb bg_image_new=\u00bbid^56377|url^https:\/\/transmodal.com.ar\/en\/wp-content\/uploads\/fondo_contacto.jpg|caption^null|alt^null|title^fondo_contacto|description^null\u00bb enable_overlay=\u00bbenable_overlay_value\u00bb overlay_color=\u00bbrgba(255,255,255,0.72)\u00bb overlay_pattern=\u00bbtransperant\u00bb css=\u00bb.vc_custom_1687866101216{padding-top: 30px !important;padding-bottom: 30px !important;}\u00bb el_id=\u00bbcontacto\u00bb][vc_column width=\u00bb1\/4&#8243; offset=\u00bbvc_col-lg-offset-0&#8243;][\/vc_column][vc_column width=\u00bb1\/2&#8243;]<div id=\"ultimate-heading-642969e5fe58e119f\" class=\"uvc-heading ult-adjust-bottom-margin ultimate-heading-642969e5fe58e119f uvc-452 accent-border-color\" data-hspacer=\"no_spacer\"  data-halign=\"center\" style=\"text-align:center\"><div class=\"uvc-heading-spacer no_spacer\" style=\"top\"><\/div><div class=\"uvc-main-heading ult-responsive\"  data-ultimate-target='.uvc-heading.ultimate-heading-642969e5fe58e119f h2'  data-responsive-json-new='{\"font-size\":\"desktop:40px;\",\"line-height\":\"desktop:50px;\"}' ><h2 style=\"--font-weight:theme;margin-bottom:15px;\">Contact:<\/h2><\/div><div class=\"uvc-sub-heading ult-responsive\"  data-ultimate-target='.uvc-heading.ultimate-heading-642969e5fe58e119f .uvc-sub-heading '  data-responsive-json-new='{\"font-size\":\"\",\"line-height\":\"desktop:28px;\"}'  style=\"font-weight:normal;margin-bottom:40px;\"><\/p>\n<p style=\"text-align: center;\"><span style=\"font-weight: 400;\">Complete the form to get it touch with our team.<\/span><\/p>\n<p style=\"text-align: center;\"><b>We advise you on what you need!<\/b><\/p>\n<p><\/div><\/div>\n<div class=\"wpcf7 no-js\" id=\"wpcf7-f662-o1\" lang=\"es-ES\" dir=\"ltr\" data-wpcf7-id=\"662\">\n<div class=\"screen-reader-response\"><p role=\"status\" aria-live=\"polite\" aria-atomic=\"true\"><\/p> <ul><\/ul><\/div>\n<form action=\"\/en\/wp-json\/wp\/v2\/pages\/56520#wpcf7-f662-o1\" method=\"post\" class=\"wpcf7-form init\" aria-label=\"Formulario de contacto\" novalidate=\"novalidate\" data-status=\"init\">\n<fieldset class=\"hidden-fields-container\"><input type=\"hidden\" name=\"_wpcf7\" value=\"662\" \/><input type=\"hidden\" name=\"_wpcf7_version\" value=\"6.1.5\" \/><input type=\"hidden\" name=\"_wpcf7_locale\" value=\"es_ES\" \/><input type=\"hidden\" name=\"_wpcf7_unit_tag\" value=\"wpcf7-f662-o1\" \/><input type=\"hidden\" name=\"_wpcf7_container_post\" value=\"0\" \/><input type=\"hidden\" name=\"_wpcf7_posted_data_hash\" value=\"\" \/><input type=\"hidden\" name=\"_wpcf7_recaptcha_response\" value=\"\" \/>\n<\/fieldset>\n<p><span class=\"wpcf7-form-control-wrap\" data-name=\"nombre\"><input size=\"40\" maxlength=\"400\" class=\"wpcf7-form-control wpcf7-text wpcf7-validates-as-required\" aria-required=\"true\" aria-invalid=\"false\" placeholder=\"Nombre y Apellido *\" value=\"\" type=\"text\" name=\"nombre\" \/><\/span>\n<\/p>\n<p><span class=\"wpcf7-form-control-wrap\" data-name=\"telefono\"><input size=\"40\" maxlength=\"400\" class=\"wpcf7-form-control wpcf7-text wpcf7-validates-as-required\" aria-required=\"true\" aria-invalid=\"false\" placeholder=\"Tel\u00e9fono, celular o Whatsapp *\" value=\"\" type=\"text\" name=\"telefono\" \/><\/span>\n<\/p>\n<p><span class=\"wpcf7-form-control-wrap\" data-name=\"email\"><input size=\"40\" maxlength=\"400\" class=\"wpcf7-form-control wpcf7-email wpcf7-validates-as-required wpcf7-text wpcf7-validates-as-email\" aria-required=\"true\" aria-invalid=\"false\" placeholder=\"Tu Email *\" value=\"\" type=\"email\" name=\"email\" \/><\/span>\n<\/p>\n<p><span class=\"wpcf7-form-control-wrap\" data-name=\"mensaje\"><textarea cols=\"40\" rows=\"10\" maxlength=\"2000\" class=\"wpcf7-form-control wpcf7-textarea mensaje\" aria-invalid=\"false\" placeholder=\"Escrib\u00ed tu consulta aqu\u00ed\" name=\"mensaje\"><\/textarea><\/span>\n<\/p>\n<p><small>(*) Campos obligatorios<\/small>\n<\/p>\n<p><input class=\"wpcf7-form-control wpcf7-submit has-spinner\" type=\"submit\" value=\"\u00a1LISTO!\" \/>\n<\/p><div class=\"wpcf7-response-output\" aria-hidden=\"true\"><\/div>\n<\/form>\n<\/div>\n[\/vc_column][vc_column width=\u00bb1\/4&#8243;][\/vc_column][\/vc_row]<\/p>\n<\/div>","protected":false},"excerpt":{"rendered":"<p>[vc_row][vc_column width=\u00bb1\/6&#8243; css=\u00bb.vc_custom_1614897085763{padding-bottom: 20px !important;}\u00bb][\/vc_column][vc_column width=\u00bb2\/3&#8243;][vc_column_text]Our ground transport service is recognised for its efficiency, punctuality, and safety. We have a network of trusted carriers that allow us to transport along routes in Latin America.Our team of planning experts oversees the organization of all aspects of ground transport, from the collection and packing of the cargo&hellip;<\/p>\n","protected":false},"author":1,"featured_media":56592,"parent":0,"menu_order":0,"comment_status":"closed","ping_status":"closed","template":"","meta":{"_joinchat":[],"footnotes":""},"class_list":["post-56520","page","type-page","status-publish","has-post-thumbnail","hentry","description-off"],"yoast_head":"<!-- This site is optimized with the Yoast SEO Premium plugin v25.5 (Yoast SEO v25.5) - https:\/\/yoast.com\/wordpress\/plugins\/seo\/ -->\n<title>International Land Transport - Transmodal<\/title>\n<meta name=\"description\" content=\"Land Transportation Service to and from neighboring countries of Argentina. International removals. Learn about our services!\" \/>\n<meta name=\"robots\" content=\"index, follow, max-snippet:-1, max-image-preview:large, max-video-preview:-1\" \/>\n<link rel=\"canonical\" href=\"https:\/\/transmodal.com.ar\/en\/international-land-transport\/\" \/>\n<meta property=\"og:locale\" content=\"es_ES\" \/>\n<meta property=\"og:type\" content=\"article\" \/>\n<meta property=\"og:title\" content=\"International Land Transport\" \/>\n<meta property=\"og:description\" content=\"Land Transportation Service to and from neighboring countries of Argentina. International removals. Learn about our services!\" \/>\n<meta property=\"og:url\" content=\"https:\/\/transmodal.com.ar\/en\/international-land-transport\/\" \/>\n<meta property=\"og:site_name\" content=\"Transmodal\" \/>\n<meta property=\"article:publisher\" content=\"https:\/\/www.facebook.com\/transmodallogistics\" \/>\n<meta property=\"article:modified_time\" content=\"2023-07-12T13:29:53+00:00\" \/>\n<meta property=\"og:image\" content=\"https:\/\/transmodal.com.ar\/en\/wp-content\/uploads\/Transmodal-Perfil.jpg\" \/>\n\t<meta property=\"og:image:width\" content=\"500\" \/>\n\t<meta property=\"og:image:height\" content=\"500\" \/>\n\t<meta property=\"og:image:type\" content=\"image\/jpeg\" \/>\n<meta name=\"twitter:card\" content=\"summary_large_image\" \/>\n<meta name=\"twitter:label1\" content=\"Tiempo de lectura\" \/>\n\t<meta name=\"twitter:data1\" content=\"3 minutos\" \/>\n<script type=\"application\/ld+json\" class=\"yoast-schema-graph\">{\"@context\":\"https:\/\/schema.org\",\"@graph\":[{\"@type\":\"WebPage\",\"@id\":\"https:\/\/transmodal.com.ar\/en\/international-land-transport\/\",\"url\":\"https:\/\/transmodal.com.ar\/en\/international-land-transport\/\",\"name\":\"International Land Transport - Transmodal\",\"isPartOf\":{\"@id\":\"https:\/\/transmodal.com.ar\/en\/#website\"},\"primaryImageOfPage\":{\"@id\":\"https:\/\/transmodal.com.ar\/en\/international-land-transport\/#primaryimage\"},\"image\":{\"@id\":\"https:\/\/transmodal.com.ar\/en\/international-land-transport\/#primaryimage\"},\"thumbnailUrl\":\"https:\/\/transmodal.com.ar\/en\/wp-content\/uploads\/Transmodal-Perfil.jpg\",\"datePublished\":\"2023-06-12T18:39:27+00:00\",\"dateModified\":\"2023-07-12T13:29:53+00:00\",\"description\":\"Land Transportation Service to and from neighboring countries of Argentina. International removals. Learn about our services!\",\"breadcrumb\":{\"@id\":\"https:\/\/transmodal.com.ar\/en\/international-land-transport\/#breadcrumb\"},\"inLanguage\":\"es\",\"potentialAction\":[{\"@type\":\"ReadAction\",\"target\":[\"https:\/\/transmodal.com.ar\/en\/international-land-transport\/\"]}]},{\"@type\":\"ImageObject\",\"inLanguage\":\"es\",\"@id\":\"https:\/\/transmodal.com.ar\/en\/international-land-transport\/#primaryimage\",\"url\":\"https:\/\/transmodal.com.ar\/en\/wp-content\/uploads\/Transmodal-Perfil.jpg\",\"contentUrl\":\"https:\/\/transmodal.com.ar\/en\/wp-content\/uploads\/Transmodal-Perfil.jpg\",\"width\":500,\"height\":500,\"caption\":\"Servicio de Log\u00edstica Internacional - Transmodal\"},{\"@type\":\"BreadcrumbList\",\"@id\":\"https:\/\/transmodal.com.ar\/en\/international-land-transport\/#breadcrumb\",\"itemListElement\":[{\"@type\":\"ListItem\",\"position\":1,\"name\":\"Portada\",\"item\":\"https:\/\/transmodal.com.ar\/en\/\"},{\"@type\":\"ListItem\",\"position\":2,\"name\":\"International Land Transport\"}]},{\"@type\":\"WebSite\",\"@id\":\"https:\/\/transmodal.com.ar\/en\/#website\",\"url\":\"https:\/\/transmodal.com.ar\/en\/\",\"name\":\"Transmodal\",\"description\":\"Un sitio hecho por Indexdesign\",\"publisher\":{\"@id\":\"https:\/\/transmodal.com.ar\/en\/#organization\"},\"potentialAction\":[{\"@type\":\"SearchAction\",\"target\":{\"@type\":\"EntryPoint\",\"urlTemplate\":\"https:\/\/transmodal.com.ar\/en\/?s={search_term_string}\"},\"query-input\":{\"@type\":\"PropertyValueSpecification\",\"valueRequired\":true,\"valueName\":\"search_term_string\"}}],\"inLanguage\":\"es\"},{\"@type\":\"Organization\",\"@id\":\"https:\/\/transmodal.com.ar\/en\/#organization\",\"name\":\"Transmodal\",\"alternateName\":\"Transmodal\",\"url\":\"https:\/\/transmodal.com.ar\/en\/\",\"logo\":{\"@type\":\"ImageObject\",\"inLanguage\":\"es\",\"@id\":\"https:\/\/transmodal.com.ar\/en\/#\/schema\/logo\/image\/\",\"url\":\"https:\/\/transmodal.com.ar\/en\/wp-content\/uploads\/Transmodal-Perfil.jpg\",\"contentUrl\":\"https:\/\/transmodal.com.ar\/en\/wp-content\/uploads\/Transmodal-Perfil.jpg\",\"width\":500,\"height\":500,\"caption\":\"Transmodal\"},\"image\":{\"@id\":\"https:\/\/transmodal.com.ar\/en\/#\/schema\/logo\/image\/\"},\"sameAs\":[\"https:\/\/www.facebook.com\/transmodallogistics\",\"https:\/\/www.instagram.com\/transmodal.arg\/\",\"https:\/\/www.linkedin.com\/company\/transmodal\/\"]}]}<\/script>\n<!-- \/ Yoast SEO Premium plugin. -->","yoast_head_json":{"title":"International Land Transport - Transmodal","description":"Land Transportation Service to and from neighboring countries of Argentina. International removals. Learn about our services!","robots":{"index":"index","follow":"follow","max-snippet":"max-snippet:-1","max-image-preview":"max-image-preview:large","max-video-preview":"max-video-preview:-1"},"canonical":"https:\/\/transmodal.com.ar\/en\/international-land-transport\/","og_locale":"es_ES","og_type":"article","og_title":"International Land Transport","og_description":"Land Transportation Service to and from neighboring countries of Argentina. International removals. Learn about our services!","og_url":"https:\/\/transmodal.com.ar\/en\/international-land-transport\/","og_site_name":"Transmodal","article_publisher":"https:\/\/www.facebook.com\/transmodallogistics","article_modified_time":"2023-07-12T13:29:53+00:00","og_image":[{"width":500,"height":500,"url":"https:\/\/transmodal.com.ar\/en\/wp-content\/uploads\/Transmodal-Perfil.jpg","type":"image\/jpeg"}],"twitter_card":"summary_large_image","twitter_misc":{"Tiempo de lectura":"3 minutos"},"schema":{"@context":"https:\/\/schema.org","@graph":[{"@type":"WebPage","@id":"https:\/\/transmodal.com.ar\/en\/international-land-transport\/","url":"https:\/\/transmodal.com.ar\/en\/international-land-transport\/","name":"International Land Transport - Transmodal","isPartOf":{"@id":"https:\/\/transmodal.com.ar\/en\/#website"},"primaryImageOfPage":{"@id":"https:\/\/transmodal.com.ar\/en\/international-land-transport\/#primaryimage"},"image":{"@id":"https:\/\/transmodal.com.ar\/en\/international-land-transport\/#primaryimage"},"thumbnailUrl":"https:\/\/transmodal.com.ar\/en\/wp-content\/uploads\/Transmodal-Perfil.jpg","datePublished":"2023-06-12T18:39:27+00:00","dateModified":"2023-07-12T13:29:53+00:00","description":"Land Transportation Service to and from neighboring countries of Argentina. International removals. Learn about our services!","breadcrumb":{"@id":"https:\/\/transmodal.com.ar\/en\/international-land-transport\/#breadcrumb"},"inLanguage":"es","potentialAction":[{"@type":"ReadAction","target":["https:\/\/transmodal.com.ar\/en\/international-land-transport\/"]}]},{"@type":"ImageObject","inLanguage":"es","@id":"https:\/\/transmodal.com.ar\/en\/international-land-transport\/#primaryimage","url":"https:\/\/transmodal.com.ar\/en\/wp-content\/uploads\/Transmodal-Perfil.jpg","contentUrl":"https:\/\/transmodal.com.ar\/en\/wp-content\/uploads\/Transmodal-Perfil.jpg","width":500,"height":500,"caption":"Servicio de Log\u00edstica Internacional - Transmodal"},{"@type":"BreadcrumbList","@id":"https:\/\/transmodal.com.ar\/en\/international-land-transport\/#breadcrumb","itemListElement":[{"@type":"ListItem","position":1,"name":"Portada","item":"https:\/\/transmodal.com.ar\/en\/"},{"@type":"ListItem","position":2,"name":"International Land Transport"}]},{"@type":"WebSite","@id":"https:\/\/transmodal.com.ar\/en\/#website","url":"https:\/\/transmodal.com.ar\/en\/","name":"Transmodal","description":"Un sitio hecho por Indexdesign","publisher":{"@id":"https:\/\/transmodal.com.ar\/en\/#organization"},"potentialAction":[{"@type":"SearchAction","target":{"@type":"EntryPoint","urlTemplate":"https:\/\/transmodal.com.ar\/en\/?s={search_term_string}"},"query-input":{"@type":"PropertyValueSpecification","valueRequired":true,"valueName":"search_term_string"}}],"inLanguage":"es"},{"@type":"Organization","@id":"https:\/\/transmodal.com.ar\/en\/#organization","name":"Transmodal","alternateName":"Transmodal","url":"https:\/\/transmodal.com.ar\/en\/","logo":{"@type":"ImageObject","inLanguage":"es","@id":"https:\/\/transmodal.com.ar\/en\/#\/schema\/logo\/image\/","url":"https:\/\/transmodal.com.ar\/en\/wp-content\/uploads\/Transmodal-Perfil.jpg","contentUrl":"https:\/\/transmodal.com.ar\/en\/wp-content\/uploads\/Transmodal-Perfil.jpg","width":500,"height":500,"caption":"Transmodal"},"image":{"@id":"https:\/\/transmodal.com.ar\/en\/#\/schema\/logo\/image\/"},"sameAs":["https:\/\/www.facebook.com\/transmodallogistics","https:\/\/www.instagram.com\/transmodal.arg\/","https:\/\/www.linkedin.com\/company\/transmodal\/"]}]}},"_links":{"self":[{"href":"https:\/\/transmodal.com.ar\/en\/wp-json\/wp\/v2\/pages\/56520","targetHints":{"allow":["GET"]}}],"collection":[{"href":"https:\/\/transmodal.com.ar\/en\/wp-json\/wp\/v2\/pages"}],"about":[{"href":"https:\/\/transmodal.com.ar\/en\/wp-json\/wp\/v2\/types\/page"}],"author":[{"embeddable":true,"href":"https:\/\/transmodal.com.ar\/en\/wp-json\/wp\/v2\/users\/1"}],"replies":[{"embeddable":true,"href":"https:\/\/transmodal.com.ar\/en\/wp-json\/wp\/v2\/comments?post=56520"}],"version-history":[{"count":20,"href":"https:\/\/transmodal.com.ar\/en\/wp-json\/wp\/v2\/pages\/56520\/revisions"}],"predecessor-version":[{"id":56721,"href":"https:\/\/transmodal.com.ar\/en\/wp-json\/wp\/v2\/pages\/56520\/revisions\/56721"}],"wp:featuredmedia":[{"embeddable":true,"href":"https:\/\/transmodal.com.ar\/en\/wp-json\/wp\/v2\/media\/56592"}],"wp:attachment":[{"href":"https:\/\/transmodal.com.ar\/en\/wp-json\/wp\/v2\/media?parent=56520"}],"curies":[{"name":"wp","href":"https:\/\/api.w.org\/{rel}","templated":true}]}}